{"id":145,"date":"2025-07-02T11:57:39","date_gmt":"2025-07-02T10:57:39","guid":{"rendered":"https:\/\/janjomanitou.com\/?page_id=145"},"modified":"2025-07-02T16:00:39","modified_gmt":"2025-07-02T15:00:39","slug":"about","status":"publish","type":"page","link":"https:\/\/janjomanitou.com\/index.php\/about\/","title":{"rendered":"About"},"content":{"rendered":"\n<div class=\"wp-block-group has-tertiary-light-background-color has-background is-layout-constrained wp-container-core-group-is-layout-4a32df18 wp-block-group-is-layout-constrained\" style=\"padding-top:8rem;padding-right:var(--wp--preset--spacing--60);padding-bottom:8rem;padding-left:var(--wp--preset--spacing--60)\">\n<div class=\"wp-block-group is-layout-constrained wp-container-core-group-is-layout-ed92f1a2 wp-block-group-is-layout-constrained\">\n<h1 class=\"wp-block-heading has-text-align-center has-heading-color-color has-text-color has-xxx-large-font-size\" style=\"font-style:normal;font-weight:600;line-height:1.2\">About me<\/h1>\n<\/div>\n\n\n\n<div class=\"wp-block-columns are-vertically-aligned-center is-layout-flex wp-container-core-columns-is-layout-e783742b wp-block-columns-is-layout-flex\" style=\"padding-top:0\">\n<div class=\"wp-block-column is-vertically-aligned-center is-layout-flow wp-block-column-is-layout-flow\" style=\"flex-basis:45%\">\n<figure class=\"wp-block-image size-full has-custom-border wp-duotone-000000-rgb253253253-1\"><img loading=\"lazy\" decoding=\"async\" width=\"956\" height=\"956\" src=\"https:\/\/janjomanitou.com\/wp-content\/uploads\/2025\/07\/marko.jpg\" alt=\"\" class=\"wp-image-384\" style=\"border-radius:10px;aspect-ratio:4\/3;object-fit:cover\" srcset=\"https:\/\/janjomanitou.com\/wp-content\/uploads\/2025\/07\/marko.jpg 956w, https:\/\/janjomanitou.com\/wp-content\/uploads\/2025\/07\/marko-300x300.jpg 300w, https:\/\/janjomanitou.com\/wp-content\/uploads\/2025\/07\/marko-150x150.jpg 150w, https:\/\/janjomanitou.com\/wp-content\/uploads\/2025\/07\/marko-768x768.jpg 768w, https:\/\/janjomanitou.com\/wp-content\/uploads\/2025\/07\/marko-500x500.jpg 500w, https:\/\/janjomanitou.com\/wp-content\/uploads\/2025\/07\/marko-800x800.jpg 800w\" sizes=\"auto, (max-width: 956px) 100vw, 956px\" \/><\/figure>\n<\/div>\n\n\n\n<div class=\"wp-block-column is-vertically-aligned-center is-layout-flow wp-container-core-column-is-layout-119bc444 wp-block-column-is-layout-flow\" style=\"flex-basis:55%\">\n<p>Marko Janju\u0161evi\u0107 was born on August 1, 1990, in Nik\u0161i\u0107, Montenegro. He graduated in Painting from the Academy of Fine Arts in Trebinje in 2014. His artistic journey began through comics, graffiti, and street art, influences that continue to shape the unique visual language of his work today.<\/p>\n\n\n\n<p>Although primarily dedicated to drawing as his core medium, Marko\u2019s creative expression spans multiple disciplines. He has realized numerous projects in various artistic fields, working both locally and internationally. His body of work includes drawings, paintings, illustrations, video art, and music, and he has exhibited and presented his art through numerous solo and group exhibitions in the region and abroad.<\/p>\n\n\n\n<p>In addition to his visual art, Marko is a professional tattoo artist and the owner of \u201cManitu,\u201d a tattoo studio and art shop where he merges fine art with the craft of tattooing, transforming skin into living canvases.<\/p>\n\n\n\n<p>Under the pseudonyms \u201cJanjo\u201d and \u201cPas Manit,\u201d Marko is also active as a vocalist, producer, and lyricist in several music projects. He is best known as the founder, frontman, and creative force behind the music project and band \u201cManitou,\u201d through which he explores sound as an extension of his artistic vision.<\/p>\n\n\n\n<p>Marko\u2019s work, whether on paper, canvas, skin, or in music, reflects a bold, contemporary aesthetic infused with the raw energy and storytelling spirit of urban culture.<\/p>\n<\/div>\n<\/div>\n<\/div>\n","protected":false},"excerpt":{"rendered":"<p>About me Marko Janju\u0161evi\u0107 was born on August 1, 1990, in Nik\u0161i\u0107, Montenegro. He graduated in Painting from the Academy of Fine Arts in Trebinje in 2014. His artistic journey began through comics, graffiti, and street art, influences that continue to shape the unique visual language of his work today. Although primarily dedicated to drawing&#8230;<\/p>\n","protected":false},"author":1,"featured_media":0,"parent":0,"menu_order":0,"comment_status":"closed","ping_status":"closed","template":"","meta":{"_vp_format_video_url":"","_vp_image_focal_point":[],"footnotes":""},"folder":[],"class_list":["post-145","page","type-page","status-publish","hentry"],"aioseo_notices":[],"_links":{"self":[{"href":"https:\/\/janjomanitou.com\/index.php\/wp-json\/wp\/v2\/pages\/145","targetHints":{"allow":["GET"]}}],"collection":[{"href":"https:\/\/janjomanitou.com\/index.php\/wp-json\/wp\/v2\/pages"}],"about":[{"href":"https:\/\/janjomanitou.com\/index.php\/wp-json\/wp\/v2\/types\/page"}],"author":[{"embeddable":true,"href":"https:\/\/janjomanitou.com\/index.php\/wp-json\/wp\/v2\/users\/1"}],"replies":[{"embeddable":true,"href":"https:\/\/janjomanitou.com\/index.php\/wp-json\/wp\/v2\/comments?post=145"}],"version-history":[{"count":3,"href":"https:\/\/janjomanitou.com\/index.php\/wp-json\/wp\/v2\/pages\/145\/revisions"}],"predecessor-version":[{"id":540,"href":"https:\/\/janjomanitou.com\/index.php\/wp-json\/wp\/v2\/pages\/145\/revisions\/540"}],"wp:attachment":[{"href":"https:\/\/janjomanitou.com\/index.php\/wp-json\/wp\/v2\/media?parent=145"}],"wp:term":[{"taxonomy":"folder","embeddable":true,"href":"https:\/\/janjomanitou.com\/index.php\/wp-json\/wp\/v2\/folder?post=145"}],"curies":[{"name":"wp","href":"https:\/\/api.w.org\/{rel}","templated":true}]}}